{"id":502,"date":"2021-03-27T13:52:12","date_gmt":"2021-03-27T13:52:12","guid":{"rendered":"https:\/\/www.schutzengelapotheke.wien\/?page_id=502"},"modified":"2023-11-30T13:10:16","modified_gmt":"2023-11-30T13:10:16","slug":"heilkraeuter-aus-der-apotheke","status":"publish","type":"page","link":"https:\/\/www.schutzengelapotheke.wien\/?page_id=502","title":{"rendered":"Naturheilkunde"},"content":{"rendered":"\n<h3 class=\"wp-block-heading\" id=\"unsere-krauter-besitzen-arzneibuchqualitat\"><a href=\"https:\/\/www.schutzengelapotheke.wien\/?page_id=798\">Wir haben \u00fcber 100 verschiedene Heilkr\u00e4uter f\u00fcr Sie lagernd<\/a><\/h3>\n","protected":false},"excerpt":{"rendered":"<p>Wir haben \u00fcber 100 verschiedene Heilkr\u00e4uter f\u00fcr Sie lagernd<\/p>\n","protected":false},"author":2,"featured_media":0,"parent":0,"menu_order":0,"comment_status":"closed","ping_status":"closed","template":"","meta":{"footnotes":""},"class_list":["post-502","page","type-page","status-publish","hentry"],"yoast_head":"<!-- This site is optimized with the Yoast SEO plugin v23.5 - https:\/\/yoast.com\/wordpress\/plugins\/seo\/ -->\n<title>Naturheilkunde - Schutzengel Apotheke<\/title>\n<meta name=\"description\" content=\"Bei Heilkr\u00e4utern aus der Apotheke k\u00f6nnen Sie sicher sein, dass sowohl die Qualit\u00e4t als auch die Beratung stimmt.\" \/>\n<meta name=\"robots\" content=\"index, follow, max-snippet:-1, max-image-preview:large, max-video-preview:-1\" \/>\n<link rel=\"canonical\" href=\"https:\/\/www.schutzengelapotheke.wien\/?page_id=502\" \/>\n<meta property=\"og:locale\" content=\"de_DE\" \/>\n<meta property=\"og:type\" content=\"article\" \/>\n<meta property=\"og:title\" content=\"Naturheilkunde - Schutzengel Apotheke\" \/>\n<meta property=\"og:description\" content=\"Bei Heilkr\u00e4utern aus der Apotheke k\u00f6nnen Sie sicher sein, dass sowohl die Qualit\u00e4t als auch die Beratung stimmt.\" \/>\n<meta property=\"og:url\" content=\"https:\/\/www.schutzengelapotheke.wien\/?page_id=502\" \/>\n<meta property=\"og:site_name\" content=\"Schutzengel Apotheke\" \/>\n<meta property=\"article:modified_time\" content=\"2023-11-30T13:10:16+00:00\" \/>\n<meta name=\"twitter:card\" content=\"summary_large_image\" \/>\n<meta name=\"twitter:label1\" content=\"Gesch\u00e4tzte Lesezeit\" \/>\n\t<meta name=\"twitter:data1\" content=\"1\u00a0Minute\" \/>\n<script type=\"application\/ld+json\" class=\"yoast-schema-graph\">{\"@context\":\"https:\/\/schema.org\",\"@graph\":[{\"@type\":\"WebPage\",\"@id\":\"https:\/\/www.schutzengelapotheke.wien\/?page_id=502\",\"url\":\"https:\/\/www.schutzengelapotheke.wien\/?page_id=502\",\"name\":\"Naturheilkunde - Schutzengel Apotheke\",\"isPartOf\":{\"@id\":\"https:\/\/www.schutzengelapotheke.wien\/#website\"},\"datePublished\":\"2021-03-27T13:52:12+00:00\",\"dateModified\":\"2023-11-30T13:10:16+00:00\",\"description\":\"Bei Heilkr\u00e4utern aus der Apotheke k\u00f6nnen Sie sicher sein, dass sowohl die Qualit\u00e4t als auch die Beratung stimmt.\",\"breadcrumb\":{\"@id\":\"https:\/\/www.schutzengelapotheke.wien\/?page_id=502#breadcrumb\"},\"inLanguage\":\"de\",\"potentialAction\":[{\"@type\":\"ReadAction\",\"target\":[\"https:\/\/www.schutzengelapotheke.wien\/?page_id=502\"]}]},{\"@type\":\"BreadcrumbList\",\"@id\":\"https:\/\/www.schutzengelapotheke.wien\/?page_id=502#breadcrumb\",\"itemListElement\":[{\"@type\":\"ListItem\",\"position\":1,\"name\":\"Startseite\",\"item\":\"https:\/\/www.schutzengelapotheke.wien\/\"},{\"@type\":\"ListItem\",\"position\":2,\"name\":\"Naturheilkunde\"}]},{\"@type\":\"WebSite\",\"@id\":\"https:\/\/www.schutzengelapotheke.wien\/#website\",\"url\":\"https:\/\/www.schutzengelapotheke.wien\/\",\"name\":\"Schutzengel Apotheke\",\"description\":\"U1 Taubstummengasse\",\"potentialAction\":[{\"@type\":\"SearchAction\",\"target\":{\"@type\":\"EntryPoint\",\"urlTemplate\":\"https:\/\/www.schutzengelapotheke.wien\/?s={search_term_string}\"},\"query-input\":{\"@type\":\"PropertyValueSpecification\",\"valueRequired\":true,\"valueName\":\"search_term_string\"}}],\"inLanguage\":\"de\"}]}<\/script>\n<!-- \/ Yoast SEO plugin. -->","yoast_head_json":{"title":"Naturheilkunde - Schutzengel Apotheke","description":"Bei Heilkr\u00e4utern aus der Apotheke k\u00f6nnen Sie sicher sein, dass sowohl die Qualit\u00e4t als auch die Beratung stimmt.","robots":{"index":"index","follow":"follow","max-snippet":"max-snippet:-1","max-image-preview":"max-image-preview:large","max-video-preview":"max-video-preview:-1"},"canonical":"https:\/\/www.schutzengelapotheke.wien\/?page_id=502","og_locale":"de_DE","og_type":"article","og_title":"Naturheilkunde - Schutzengel Apotheke","og_description":"Bei Heilkr\u00e4utern aus der Apotheke k\u00f6nnen Sie sicher sein, dass sowohl die Qualit\u00e4t als auch die Beratung stimmt.","og_url":"https:\/\/www.schutzengelapotheke.wien\/?page_id=502","og_site_name":"Schutzengel Apotheke","article_modified_time":"2023-11-30T13:10:16+00:00","twitter_card":"summary_large_image","twitter_misc":{"Gesch\u00e4tzte Lesezeit":"1\u00a0Minute"},"schema":{"@context":"https:\/\/schema.org","@graph":[{"@type":"WebPage","@id":"https:\/\/www.schutzengelapotheke.wien\/?page_id=502","url":"https:\/\/www.schutzengelapotheke.wien\/?page_id=502","name":"Naturheilkunde - Schutzengel Apotheke","isPartOf":{"@id":"https:\/\/www.schutzengelapotheke.wien\/#website"},"datePublished":"2021-03-27T13:52:12+00:00","dateModified":"2023-11-30T13:10:16+00:00","description":"Bei Heilkr\u00e4utern aus der Apotheke k\u00f6nnen Sie sicher sein, dass sowohl die Qualit\u00e4t als auch die Beratung stimmt.","breadcrumb":{"@id":"https:\/\/www.schutzengelapotheke.wien\/?page_id=502#breadcrumb"},"inLanguage":"de","potentialAction":[{"@type":"ReadAction","target":["https:\/\/www.schutzengelapotheke.wien\/?page_id=502"]}]},{"@type":"BreadcrumbList","@id":"https:\/\/www.schutzengelapotheke.wien\/?page_id=502#breadcrumb","itemListElement":[{"@type":"ListItem","position":1,"name":"Startseite","item":"https:\/\/www.schutzengelapotheke.wien\/"},{"@type":"ListItem","position":2,"name":"Naturheilkunde"}]},{"@type":"WebSite","@id":"https:\/\/www.schutzengelapotheke.wien\/#website","url":"https:\/\/www.schutzengelapotheke.wien\/","name":"Schutzengel Apotheke","description":"U1 Taubstummengasse","potentialAction":[{"@type":"SearchAction","target":{"@type":"EntryPoint","urlTemplate":"https:\/\/www.schutzengelapotheke.wien\/?s={search_term_string}"},"query-input":{"@type":"PropertyValueSpecification","valueRequired":true,"valueName":"search_term_string"}}],"inLanguage":"de"}]}},"jetpack_sharing_enabled":true,"_links":{"self":[{"href":"https:\/\/www.schutzengelapotheke.wien\/index.php?rest_route=\/wp\/v2\/pages\/502"}],"collection":[{"href":"https:\/\/www.schutzengelapotheke.wien\/index.php?rest_route=\/wp\/v2\/pages"}],"about":[{"href":"https:\/\/www.schutzengelapotheke.wien\/index.php?rest_route=\/wp\/v2\/types\/page"}],"author":[{"embeddable":true,"href":"https:\/\/www.schutzengelapotheke.wien\/index.php?rest_route=\/wp\/v2\/users\/2"}],"replies":[{"embeddable":true,"href":"https:\/\/www.schutzengelapotheke.wien\/index.php?rest_route=%2Fwp%2Fv2%2Fcomments&post=502"}],"version-history":[{"count":14,"href":"https:\/\/www.schutzengelapotheke.wien\/index.php?rest_route=\/wp\/v2\/pages\/502\/revisions"}],"predecessor-version":[{"id":805,"href":"https:\/\/www.schutzengelapotheke.wien\/index.php?rest_route=\/wp\/v2\/pages\/502\/revisions\/805"}],"wp:attachment":[{"href":"https:\/\/www.schutzengelapotheke.wien\/index.php?rest_route=%2Fwp%2Fv2%2Fmedia&parent=502"}],"curies":[{"name":"wp","href":"https:\/\/api.w.org\/{rel}","templated":true}]}}