{"id":508,"date":"2021-03-09T15:31:57","date_gmt":"2021-03-09T15:31:57","guid":{"rendered":"https:\/\/www.schutzengelapotheke.wien\/?page_id=508"},"modified":"2021-12-30T17:27:49","modified_gmt":"2021-12-30T17:27:49","slug":"maskentypen","status":"publish","type":"page","link":"https:\/\/www.schutzengelapotheke.wien\/?page_id=508","title":{"rendered":"Maskentypen"},"content":{"rendered":"\n<p>Es gibt diese unterschiedlichen Arten an Masken:<\/p>\n\n\n\n<ul class=\"wp-block-list\"><li><strong>Stoffmasken<\/strong> bieten einen gewissen Schutz, sollten aber eher nur bei einem geringem Infektionsrisiko getragen werden.<\/li><li><strong>Medizinische Gesichtsmasken<\/strong> sch\u00fctzen Menschen in der Umgebung vor potentiell infekti\u00f6sen Tr\u00f6pfchen des Tr\u00e4gers.<\/li><li><strong>FFP-Masken<\/strong> sch\u00fctzen auch den Tr\u00e4ger der Maske vor Ansteckung. Eine <strong>FFP1 Maske<\/strong> muss mindestens 78%, eine <strong>FFP2 Maske<\/strong> mindestens 92% und eine <strong>FFP3 Maske<\/strong> mindestens 98% der Partikel (Viren) aus der Atemluft abfangen. Bei einem hohen Infektionsrisiko sollte deshalb mindestens eine FFP2 Maske getragen werden. <strong>FFP-Masken<\/strong> mit <strong>Filter<\/strong> filtern nur die eingeatmete Luft und bieten deshalb keinen Schutz f\u00fcr das Umfeld des Tr\u00e4gers. Deshalb werden letztere beispielsweise von vielen Fluggesellschaften mittlerweile nicht mehr akzeptiert. Wenn ihr noch mehr Infos sucht, wir haben nicht nur Stoffmasken, medizinische Gesichtsmasken, sowie FFP2 und FFP3 Masken lagernd, sondern helfen euch auch gerne bei zus\u00e4tzlich auftretenden Fragen.<\/li><\/ul>\n\n\n<div id='test' class='widgets_on_page wop_tiny1  wop_small1  wop_medium1  wop_large1  wop_wide1'>\n\t\t\t<ul><!-- ERROR NO TURBO SIDEBAR FOUND WITH ID test--><\/ul><\/div><!-- widgets_on_page -->\n\n\n\n<p><\/p>\n","protected":false},"excerpt":{"rendered":"<p>Es gibt diese unterschiedlichen Arten an Masken: Stoffmasken bieten einen gewissen Schutz, sollten aber eher nur bei einem geringem Infektionsrisiko getragen werden. Medizinische Gesichtsmasken sch\u00fctzen Menschen in der Umgebung vor potentiell infekti\u00f6sen Tr\u00f6pfchen des Tr\u00e4gers. FFP-Masken sch\u00fctzen auch den Tr\u00e4ger der Maske vor Ansteckung. Eine FFP1 &hellip; <\/p>\n<p><a href=\"https:\/\/www.schutzengelapotheke.wien\/?page_id=508\" class=\"more-link\"><span class=\"morelink-icon\">Weiterlesen<\/span><\/a><\/p>\n","protected":false},"author":2,"featured_media":0,"parent":0,"menu_order":0,"comment_status":"closed","ping_status":"closed","template":"","meta":{"footnotes":""},"class_list":["post-508","page","type-page","status-publish","hentry"],"yoast_head":"<!-- This site is optimized with the Yoast SEO plugin v23.5 - https:\/\/yoast.com\/wordpress\/plugins\/seo\/ -->\n<title>Maskentypen - Schutzengel Apotheke<\/title>\n<meta name=\"robots\" content=\"index, follow, max-snippet:-1, max-image-preview:large, max-video-preview:-1\" \/>\n<link rel=\"canonical\" href=\"https:\/\/www.schutzengelapotheke.wien\/?page_id=508\" \/>\n<meta property=\"og:locale\" content=\"de_DE\" \/>\n<meta property=\"og:type\" content=\"article\" \/>\n<meta property=\"og:title\" content=\"Maskentypen - Schutzengel Apotheke\" \/>\n<meta property=\"og:description\" content=\"Es gibt diese unterschiedlichen Arten an Masken: Stoffmasken bieten einen gewissen Schutz, sollten aber eher nur bei einem geringem Infektionsrisiko getragen werden. Medizinische Gesichtsmasken sch\u00fctzen Menschen in der Umgebung vor potentiell infekti\u00f6sen Tr\u00f6pfchen des Tr\u00e4gers. FFP-Masken sch\u00fctzen auch den Tr\u00e4ger der Maske vor Ansteckung. Eine FFP1 &hellip; Weiterlesen\" \/>\n<meta property=\"og:url\" content=\"https:\/\/www.schutzengelapotheke.wien\/?page_id=508\" \/>\n<meta property=\"og:site_name\" content=\"Schutzengel Apotheke\" \/>\n<meta property=\"article:modified_time\" content=\"2021-12-30T17:27:49+00:00\" \/>\n<meta name=\"twitter:card\" content=\"summary_large_image\" \/>\n<meta name=\"twitter:label1\" content=\"Gesch\u00e4tzte Lesezeit\" \/>\n\t<meta name=\"twitter:data1\" content=\"1\u00a0Minute\" \/>\n<script type=\"application\/ld+json\" class=\"yoast-schema-graph\">{\"@context\":\"https:\/\/schema.org\",\"@graph\":[{\"@type\":\"WebPage\",\"@id\":\"https:\/\/www.schutzengelapotheke.wien\/?page_id=508\",\"url\":\"https:\/\/www.schutzengelapotheke.wien\/?page_id=508\",\"name\":\"Maskentypen - Schutzengel Apotheke\",\"isPartOf\":{\"@id\":\"https:\/\/www.schutzengelapotheke.wien\/#website\"},\"datePublished\":\"2021-03-09T15:31:57+00:00\",\"dateModified\":\"2021-12-30T17:27:49+00:00\",\"breadcrumb\":{\"@id\":\"https:\/\/www.schutzengelapotheke.wien\/?page_id=508#breadcrumb\"},\"inLanguage\":\"de\",\"potentialAction\":[{\"@type\":\"ReadAction\",\"target\":[\"https:\/\/www.schutzengelapotheke.wien\/?page_id=508\"]}]},{\"@type\":\"BreadcrumbList\",\"@id\":\"https:\/\/www.schutzengelapotheke.wien\/?page_id=508#breadcrumb\",\"itemListElement\":[{\"@type\":\"ListItem\",\"position\":1,\"name\":\"Startseite\",\"item\":\"https:\/\/www.schutzengelapotheke.wien\/\"},{\"@type\":\"ListItem\",\"position\":2,\"name\":\"Maskentypen\"}]},{\"@type\":\"WebSite\",\"@id\":\"https:\/\/www.schutzengelapotheke.wien\/#website\",\"url\":\"https:\/\/www.schutzengelapotheke.wien\/\",\"name\":\"Schutzengel Apotheke\",\"description\":\"U1 Taubstummengasse\",\"potentialAction\":[{\"@type\":\"SearchAction\",\"target\":{\"@type\":\"EntryPoint\",\"urlTemplate\":\"https:\/\/www.schutzengelapotheke.wien\/?s={search_term_string}\"},\"query-input\":{\"@type\":\"PropertyValueSpecification\",\"valueRequired\":true,\"valueName\":\"search_term_string\"}}],\"inLanguage\":\"de\"}]}<\/script>\n<!-- \/ Yoast SEO plugin. -->","yoast_head_json":{"title":"Maskentypen - Schutzengel Apotheke","robots":{"index":"index","follow":"follow","max-snippet":"max-snippet:-1","max-image-preview":"max-image-preview:large","max-video-preview":"max-video-preview:-1"},"canonical":"https:\/\/www.schutzengelapotheke.wien\/?page_id=508","og_locale":"de_DE","og_type":"article","og_title":"Maskentypen - Schutzengel Apotheke","og_description":"Es gibt diese unterschiedlichen Arten an Masken: Stoffmasken bieten einen gewissen Schutz, sollten aber eher nur bei einem geringem Infektionsrisiko getragen werden. Medizinische Gesichtsmasken sch\u00fctzen Menschen in der Umgebung vor potentiell infekti\u00f6sen Tr\u00f6pfchen des Tr\u00e4gers. FFP-Masken sch\u00fctzen auch den Tr\u00e4ger der Maske vor Ansteckung. Eine FFP1 &hellip; Weiterlesen","og_url":"https:\/\/www.schutzengelapotheke.wien\/?page_id=508","og_site_name":"Schutzengel Apotheke","article_modified_time":"2021-12-30T17:27:49+00:00","twitter_card":"summary_large_image","twitter_misc":{"Gesch\u00e4tzte Lesezeit":"1\u00a0Minute"},"schema":{"@context":"https:\/\/schema.org","@graph":[{"@type":"WebPage","@id":"https:\/\/www.schutzengelapotheke.wien\/?page_id=508","url":"https:\/\/www.schutzengelapotheke.wien\/?page_id=508","name":"Maskentypen - Schutzengel Apotheke","isPartOf":{"@id":"https:\/\/www.schutzengelapotheke.wien\/#website"},"datePublished":"2021-03-09T15:31:57+00:00","dateModified":"2021-12-30T17:27:49+00:00","breadcrumb":{"@id":"https:\/\/www.schutzengelapotheke.wien\/?page_id=508#breadcrumb"},"inLanguage":"de","potentialAction":[{"@type":"ReadAction","target":["https:\/\/www.schutzengelapotheke.wien\/?page_id=508"]}]},{"@type":"BreadcrumbList","@id":"https:\/\/www.schutzengelapotheke.wien\/?page_id=508#breadcrumb","itemListElement":[{"@type":"ListItem","position":1,"name":"Startseite","item":"https:\/\/www.schutzengelapotheke.wien\/"},{"@type":"ListItem","position":2,"name":"Maskentypen"}]},{"@type":"WebSite","@id":"https:\/\/www.schutzengelapotheke.wien\/#website","url":"https:\/\/www.schutzengelapotheke.wien\/","name":"Schutzengel Apotheke","description":"U1 Taubstummengasse","potentialAction":[{"@type":"SearchAction","target":{"@type":"EntryPoint","urlTemplate":"https:\/\/www.schutzengelapotheke.wien\/?s={search_term_string}"},"query-input":{"@type":"PropertyValueSpecification","valueRequired":true,"valueName":"search_term_string"}}],"inLanguage":"de"}]}},"jetpack_sharing_enabled":true,"_links":{"self":[{"href":"https:\/\/www.schutzengelapotheke.wien\/index.php?rest_route=\/wp\/v2\/pages\/508"}],"collection":[{"href":"https:\/\/www.schutzengelapotheke.wien\/index.php?rest_route=\/wp\/v2\/pages"}],"about":[{"href":"https:\/\/www.schutzengelapotheke.wien\/index.php?rest_route=\/wp\/v2\/types\/page"}],"author":[{"embeddable":true,"href":"https:\/\/www.schutzengelapotheke.wien\/index.php?rest_route=\/wp\/v2\/users\/2"}],"replies":[{"embeddable":true,"href":"https:\/\/www.schutzengelapotheke.wien\/index.php?rest_route=%2Fwp%2Fv2%2Fcomments&post=508"}],"version-history":[{"count":1,"href":"https:\/\/www.schutzengelapotheke.wien\/index.php?rest_route=\/wp\/v2\/pages\/508\/revisions"}],"predecessor-version":[{"id":509,"href":"https:\/\/www.schutzengelapotheke.wien\/index.php?rest_route=\/wp\/v2\/pages\/508\/revisions\/509"}],"wp:attachment":[{"href":"https:\/\/www.schutzengelapotheke.wien\/index.php?rest_route=%2Fwp%2Fv2%2Fmedia&parent=508"}],"curies":[{"name":"wp","href":"https:\/\/api.w.org\/{rel}","templated":true}]}}