{"id":53,"date":"2021-01-31T18:03:43","date_gmt":"2021-01-31T18:03:43","guid":{"rendered":"https:\/\/www.schutzengelapotheke.wien\/?page_id=53"},"modified":"2021-03-02T16:56:52","modified_gmt":"2021-03-02T16:56:52","slug":"kontakt","status":"publish","type":"page","link":"https:\/\/www.schutzengelapotheke.wien\/?page_id=53","title":{"rendered":"Kontakt"},"content":{"rendered":"\n<div class=\"wp-block-columns is-layout-flex wp-container-core-columns-is-layout-1 wp-block-columns-is-layout-flex\">\n<div class=\"wp-block-column is-layout-flow wp-block-column-is-layout-flow\">\n<p><strong>Schutzengel Apotheke<\/strong><br>U1 Taubstummengasse<br>Favoritenstra\u00dfe 11<br>1040 Wien<br>Tel: +43 1 5050124<br>Fax: +43 1 50501242<br>info@schutzengelapotheke.wien<\/p>\n\n\n\n<p id=\"block-7e40ead0-d624-491e-a942-2edabe603027\"><br>Rettung 144<\/p>\n\n\n\n<p id=\"block-9a586fe8-5900-4fdb-b8a0-0ae58f88c00d\">\u00c4rztefunkdienst 141<\/p>\n\n\n\n<p id=\"block-b40d5bb8-7d39-4b81-be3d-92e19233f6d5\"><a href=\"https:\/\/www.schutzengelapotheke.wien\/?page_id=171\">Zahn\u00e4rztlicher Nacht- und Wochenenddienst<\/a> (Dokument ohne Gew\u00e4hr auf Vollst\u00e4ndigkeit)<br><\/p>\n\n\n\n<div class=\"wp-block-contact-form-7-contact-form-selector\">\n<div class=\"wpcf7 no-js\" id=\"wpcf7-f195-o1\" lang=\"de-DE\" dir=\"ltr\">\n<div class=\"screen-reader-response\"><p role=\"status\" aria-live=\"polite\" aria-atomic=\"true\"><\/p> <ul><\/ul><\/div>\n<form action=\"\/index.php?rest_route=%2Fwp%2Fv2%2Fpages%2F53#wpcf7-f195-o1\" method=\"post\" class=\"wpcf7-form init\" aria-label=\"Kontaktformular\" novalidate=\"novalidate\" data-status=\"init\">\n<div style=\"display: none;\">\n<input type=\"hidden\" name=\"_wpcf7\" value=\"195\" \/>\n<input type=\"hidden\" name=\"_wpcf7_version\" value=\"5.9.8\" \/>\n<input type=\"hidden\" name=\"_wpcf7_locale\" value=\"de_DE\" \/>\n<input type=\"hidden\" name=\"_wpcf7_unit_tag\" value=\"wpcf7-f195-o1\" \/>\n<input type=\"hidden\" name=\"_wpcf7_container_post\" value=\"0\" \/>\n<input type=\"hidden\" name=\"_wpcf7_posted_data_hash\" value=\"\" \/>\n<\/div>\n<p><label> Ihr Name<br \/>\n<span class=\"wpcf7-form-control-wrap\" data-name=\"your-name\"><input size=\"40\" maxlength=\"400\" class=\"wpcf7-form-control wpcf7-text wpcf7-validates-as-required\" aria-required=\"true\" aria-invalid=\"false\" value=\"\" type=\"text\" name=\"your-name\" \/><\/span> <\/label>\n<\/p>\n<p><label> Ihre E-Mail-Adresse<br \/>\n<span class=\"wpcf7-form-control-wrap\" data-name=\"your-email\"><input size=\"40\" maxlength=\"400\" class=\"wpcf7-form-control wpcf7-email wpcf7-validates-as-required wpcf7-text wpcf7-validates-as-email\" aria-required=\"true\" aria-invalid=\"false\" value=\"\" type=\"email\" name=\"your-email\" \/><\/span> <\/label>\n<\/p>\n<p><label> Betreff<br \/>\n<span class=\"wpcf7-form-control-wrap\" data-name=\"your-subject\"><input size=\"40\" maxlength=\"400\" class=\"wpcf7-form-control wpcf7-text wpcf7-validates-as-required\" aria-required=\"true\" aria-invalid=\"false\" value=\"\" type=\"text\" name=\"your-subject\" \/><\/span> <\/label>\n<\/p>\n<p><label> Ihre Nachricht (optional)<br \/>\n<span class=\"wpcf7-form-control-wrap\" data-name=\"your-message\"><textarea cols=\"40\" rows=\"10\" maxlength=\"2000\" class=\"wpcf7-form-control wpcf7-textarea\" aria-invalid=\"false\" name=\"your-message\"><\/textarea><\/span> <\/label>\n<\/p>\n<p><input class=\"wpcf7-form-control wpcf7-submit has-spinner\" type=\"submit\" value=\"Senden\" \/>\n<\/p><p style=\"display: none !important;\" class=\"akismet-fields-container\" data-prefix=\"_wpcf7_ak_\"><label>&#916;<textarea name=\"_wpcf7_ak_hp_textarea\" cols=\"45\" rows=\"8\" maxlength=\"100\"><\/textarea><\/label><input type=\"hidden\" id=\"ak_js_1\" name=\"_wpcf7_ak_js\" value=\"198\"\/><script type=\"text\/javascript\">\n\/* <![CDATA[ *\/\ndocument.getElementById( \"ak_js_1\" ).setAttribute( \"value\", ( new Date() ).getTime() );\n\/* ]]> *\/\n<\/script>\n<\/p><div class=\"wpcf7-response-output\" aria-hidden=\"true\"><\/div>\n<\/form>\n<\/div>\n<\/div>\n<\/div>\n\n\n\n<div class=\"wp-block-column is-layout-flow wp-block-column-is-layout-flow\"><\/div>\n<\/div>\n\n\n\n<p>Rettung 144<\/p>\n\n\n\n<p>\u00c4rztefunkdienst 141<\/p>\n\n\n\n<p><a href=\"https:\/\/www.schutzengelapotheke.wien\/?page_id=171\">Zahn\u00e4rztlicher Nacht- und Wochenenddienst<\/a> (Dokument ohne Gew\u00e4hr auf Vollst\u00e4ndigkeit)<br> <\/p>\n","protected":false},"excerpt":{"rendered":"<p>Schutzengel ApothekeU1 TaubstummengasseFavoritenstra\u00dfe 111040 WienTel: +43 1 5050124Fax: +43 1 50501242info@schutzengelapotheke.wien Rettung 144 \u00c4rztefunkdienst 141 Zahn\u00e4rztlicher Nacht- und Wochenenddienst (Dokument ohne Gew\u00e4hr auf Vollst\u00e4ndigkeit) Rettung 144 \u00c4rztefunkdienst 141 Zahn\u00e4rztlicher Nacht- und Wochenenddienst (Dokument ohne Gew\u00e4hr auf Vollst\u00e4ndigkeit)<\/p>\n","protected":false},"author":2,"featured_media":0,"parent":0,"menu_order":0,"comment_status":"closed","ping_status":"closed","template":"","meta":{"footnotes":""},"class_list":["post-53","page","type-page","status-publish","hentry"],"yoast_head":"<!-- This site is optimized with the Yoast SEO plugin v23.5 - https:\/\/yoast.com\/wordpress\/plugins\/seo\/ -->\n<title>Kontakt - Schutzengel Apotheke<\/title>\n<meta name=\"robots\" content=\"index, follow, max-snippet:-1, max-image-preview:large, max-video-preview:-1\" \/>\n<link rel=\"canonical\" href=\"https:\/\/www.schutzengelapotheke.wien\/?page_id=53\" \/>\n<meta property=\"og:locale\" content=\"de_DE\" \/>\n<meta property=\"og:type\" content=\"article\" \/>\n<meta property=\"og:title\" content=\"Kontakt - Schutzengel Apotheke\" \/>\n<meta property=\"og:description\" content=\"Schutzengel ApothekeU1 TaubstummengasseFavoritenstra\u00dfe 111040 WienTel: +43 1 5050124Fax: +43 1 50501242info@schutzengelapotheke.wien Rettung 144 \u00c4rztefunkdienst 141 Zahn\u00e4rztlicher Nacht- und Wochenenddienst (Dokument ohne Gew\u00e4hr auf Vollst\u00e4ndigkeit) Rettung 144 \u00c4rztefunkdienst 141 Zahn\u00e4rztlicher Nacht- und Wochenenddienst (Dokument ohne Gew\u00e4hr auf Vollst\u00e4ndigkeit)\" \/>\n<meta property=\"og:url\" content=\"https:\/\/www.schutzengelapotheke.wien\/?page_id=53\" \/>\n<meta property=\"og:site_name\" content=\"Schutzengel Apotheke\" \/>\n<meta property=\"article:modified_time\" content=\"2021-03-02T16:56:52+00:00\" \/>\n<meta name=\"twitter:card\" content=\"summary_large_image\" \/>\n<script type=\"application\/ld+json\" class=\"yoast-schema-graph\">{\"@context\":\"https:\/\/schema.org\",\"@graph\":[{\"@type\":\"WebPage\",\"@id\":\"https:\/\/www.schutzengelapotheke.wien\/?page_id=53\",\"url\":\"https:\/\/www.schutzengelapotheke.wien\/?page_id=53\",\"name\":\"Kontakt - Schutzengel Apotheke\",\"isPartOf\":{\"@id\":\"https:\/\/www.schutzengelapotheke.wien\/#website\"},\"datePublished\":\"2021-01-31T18:03:43+00:00\",\"dateModified\":\"2021-03-02T16:56:52+00:00\",\"breadcrumb\":{\"@id\":\"https:\/\/www.schutzengelapotheke.wien\/?page_id=53#breadcrumb\"},\"inLanguage\":\"de\",\"potentialAction\":[{\"@type\":\"ReadAction\",\"target\":[\"https:\/\/www.schutzengelapotheke.wien\/?page_id=53\"]}]},{\"@type\":\"BreadcrumbList\",\"@id\":\"https:\/\/www.schutzengelapotheke.wien\/?page_id=53#breadcrumb\",\"itemListElement\":[{\"@type\":\"ListItem\",\"position\":1,\"name\":\"Startseite\",\"item\":\"https:\/\/www.schutzengelapotheke.wien\/\"},{\"@type\":\"ListItem\",\"position\":2,\"name\":\"Kontakt\"}]},{\"@type\":\"WebSite\",\"@id\":\"https:\/\/www.schutzengelapotheke.wien\/#website\",\"url\":\"https:\/\/www.schutzengelapotheke.wien\/\",\"name\":\"Schutzengel Apotheke\",\"description\":\"U1 Taubstummengasse\",\"potentialAction\":[{\"@type\":\"SearchAction\",\"target\":{\"@type\":\"EntryPoint\",\"urlTemplate\":\"https:\/\/www.schutzengelapotheke.wien\/?s={search_term_string}\"},\"query-input\":{\"@type\":\"PropertyValueSpecification\",\"valueRequired\":true,\"valueName\":\"search_term_string\"}}],\"inLanguage\":\"de\"}]}<\/script>\n<!-- \/ Yoast SEO plugin. -->","yoast_head_json":{"title":"Kontakt - Schutzengel Apotheke","robots":{"index":"index","follow":"follow","max-snippet":"max-snippet:-1","max-image-preview":"max-image-preview:large","max-video-preview":"max-video-preview:-1"},"canonical":"https:\/\/www.schutzengelapotheke.wien\/?page_id=53","og_locale":"de_DE","og_type":"article","og_title":"Kontakt - Schutzengel Apotheke","og_description":"Schutzengel ApothekeU1 TaubstummengasseFavoritenstra\u00dfe 111040 WienTel: +43 1 5050124Fax: +43 1 50501242info@schutzengelapotheke.wien Rettung 144 \u00c4rztefunkdienst 141 Zahn\u00e4rztlicher Nacht- und Wochenenddienst (Dokument ohne Gew\u00e4hr auf Vollst\u00e4ndigkeit) Rettung 144 \u00c4rztefunkdienst 141 Zahn\u00e4rztlicher Nacht- und Wochenenddienst (Dokument ohne Gew\u00e4hr auf Vollst\u00e4ndigkeit)","og_url":"https:\/\/www.schutzengelapotheke.wien\/?page_id=53","og_site_name":"Schutzengel Apotheke","article_modified_time":"2021-03-02T16:56:52+00:00","twitter_card":"summary_large_image","schema":{"@context":"https:\/\/schema.org","@graph":[{"@type":"WebPage","@id":"https:\/\/www.schutzengelapotheke.wien\/?page_id=53","url":"https:\/\/www.schutzengelapotheke.wien\/?page_id=53","name":"Kontakt - Schutzengel Apotheke","isPartOf":{"@id":"https:\/\/www.schutzengelapotheke.wien\/#website"},"datePublished":"2021-01-31T18:03:43+00:00","dateModified":"2021-03-02T16:56:52+00:00","breadcrumb":{"@id":"https:\/\/www.schutzengelapotheke.wien\/?page_id=53#breadcrumb"},"inLanguage":"de","potentialAction":[{"@type":"ReadAction","target":["https:\/\/www.schutzengelapotheke.wien\/?page_id=53"]}]},{"@type":"BreadcrumbList","@id":"https:\/\/www.schutzengelapotheke.wien\/?page_id=53#breadcrumb","itemListElement":[{"@type":"ListItem","position":1,"name":"Startseite","item":"https:\/\/www.schutzengelapotheke.wien\/"},{"@type":"ListItem","position":2,"name":"Kontakt"}]},{"@type":"WebSite","@id":"https:\/\/www.schutzengelapotheke.wien\/#website","url":"https:\/\/www.schutzengelapotheke.wien\/","name":"Schutzengel Apotheke","description":"U1 Taubstummengasse","potentialAction":[{"@type":"SearchAction","target":{"@type":"EntryPoint","urlTemplate":"https:\/\/www.schutzengelapotheke.wien\/?s={search_term_string}"},"query-input":{"@type":"PropertyValueSpecification","valueRequired":true,"valueName":"search_term_string"}}],"inLanguage":"de"}]}},"jetpack_sharing_enabled":true,"_links":{"self":[{"href":"https:\/\/www.schutzengelapotheke.wien\/index.php?rest_route=\/wp\/v2\/pages\/53"}],"collection":[{"href":"https:\/\/www.schutzengelapotheke.wien\/index.php?rest_route=\/wp\/v2\/pages"}],"about":[{"href":"https:\/\/www.schutzengelapotheke.wien\/index.php?rest_route=\/wp\/v2\/types\/page"}],"author":[{"embeddable":true,"href":"https:\/\/www.schutzengelapotheke.wien\/index.php?rest_route=\/wp\/v2\/users\/2"}],"replies":[{"embeddable":true,"href":"https:\/\/www.schutzengelapotheke.wien\/index.php?rest_route=%2Fwp%2Fv2%2Fcomments&post=53"}],"version-history":[{"count":11,"href":"https:\/\/www.schutzengelapotheke.wien\/index.php?rest_route=\/wp\/v2\/pages\/53\/revisions"}],"predecessor-version":[{"id":444,"href":"https:\/\/www.schutzengelapotheke.wien\/index.php?rest_route=\/wp\/v2\/pages\/53\/revisions\/444"}],"wp:attachment":[{"href":"https:\/\/www.schutzengelapotheke.wien\/index.php?rest_route=%2Fwp%2Fv2%2Fmedia&parent=53"}],"curies":[{"name":"wp","href":"https:\/\/api.w.org\/{rel}","templated":true}]}}