{"id":798,"date":"2023-11-30T13:03:47","date_gmt":"2023-11-30T13:03:47","guid":{"rendered":"https:\/\/www.schutzengelapotheke.wien\/?page_id=798"},"modified":"2025-03-04T10:32:51","modified_gmt":"2025-03-04T10:32:51","slug":"heilkraeuter","status":"publish","type":"page","link":"https:\/\/www.schutzengelapotheke.wien\/?page_id=798","title":{"rendered":"Heilpflanzen"},"content":{"rendered":"\n<h3 class=\"wp-block-heading\" id=\"unsere-krauter-besitzen-arzneibuchqualitat\">Unsere Kr\u00e4uter besitzen Arzneibuchqualit\u00e4t <\/h3>\n\n\n\n<p>Bei Heilkr\u00e4utern aus der Apotheke k\u00f6nnen Sie sicher sein, dass sowohl die Qualit\u00e4t als auch die Beratung stimmt. Anders als im Lebensmittelhandel entsprechen unsere Heilpflanzen Arzneibuchqualit\u00e4t. Das hei\u00dft sie sind hinsichtlich Wirkstoffmenge, Identit\u00e4t und Reinheit gepr\u00fcft. Deshalb enth\u00e4lt ein Pfefferminztee aus der Apotheke durchschnittlich auch doppelt so viele \u00e4therische \u00d6le, wie ein Pfefferminztee aus dem Lebensmittelhandel. Und ein Kamillentee besteht bei uns nur aus den wirksamen Bl\u00fcten und nicht, wie im Lebensmittelhandel \u00fcblich, auch aus unwirksamen Bl\u00e4ttern und St\u00e4ngeln.<\/p>\n\n\n\n<figure class=\"wp-block-image size-large\"><img loading=\"lazy\" decoding=\"async\" width=\"1024\" height=\"683\" src=\"https:\/\/www.schutzengelapotheke.wien\/wp-content\/uploads\/2021\/05\/Apotheke-3205-1024x683.jpg\" alt=\"\" class=\"wp-image-548\"\/><\/figure>\n\n\n\n<h3 class=\"wp-block-heading\" id=\"ankerwort3\">Heilpflanzen wirken!<\/h3>\n\n\n\n<p>Ob Johanniskraut bei leichten Depressionen, M\u00f6nchspfeffer bei Menstruationsbeschwerden oder Ingwer gegen Reise\u00fcbelkeit, viele Heilpflanzen zeigen bei verschiedensten Beschwerden ausgezeichnete Erfolge. Wichtig ist neben der richtigen Heilpflanze auch die richtige Dosierung. Wir beraten Sie deshalb nicht nur gerne hinsichtlich m\u00f6glicher pflanzlicher Therapiem\u00f6glichkeiten sondern legen auch Wert, dass sie diese richtig anwenden.<\/p>\n\n\n\n<h3 class=\"wp-block-heading\" id=\"der-modernen-krauterkunde-verpflichtet\">Der modernen Kr\u00e4uterkunde verpflichtet<\/h3>\n\n\n\n<p>Heilpflanzen k\u00f6nnen sehr viel, aber nicht alles. Denn auch die Kr\u00e4uterkunde hat ihre Grenzen. Auch wenn es Ausnahmen gibt, eignen sich Heilpflanzen in erster Linie bei leichten bis mittelschweren Beschwerden. Der Vorteil von nat\u00fcrlichen Heilmitteln liegt ja gerade wegen der meist milden Wirkung in der guten Vertr\u00e4glichkeit. Heilpflanzen sollten dementsprechend am Anfang einer Behandlung stehen, sie sind nicht gedacht bei schweren Erkrankungen an eine ausgesch\u00f6pfte schulmedizinische Behandlung anzuschlie\u00dfen.<\/p>\n\n\n\n<h3 class=\"wp-block-heading\" id=\"individuelle-teemischungen\">Individuelle Teemischungen<\/h3>\n\n\n\n<p>Wir haben ca. 100 verschiedene Kr\u00e4uter lagernd und stellen auf Wunsch gerne eine auf ihren Bed\u00fcrfnissen zugeschnittene Teemischung zusammen. <br><strong>Schreiben Sie uns hier ihre gew\u00fcnschte Mischung, wir melden uns sobald diese abholbereit ist:<\/strong><\/p>\n\n\n\n<div class=\"wp-block-contact-form-7-contact-form-selector\">\n<div class=\"wpcf7 no-js\" id=\"wpcf7-f195-o1\" lang=\"de-DE\" dir=\"ltr\">\n<div class=\"screen-reader-response\"><p role=\"status\" aria-live=\"polite\" aria-atomic=\"true\"><\/p> <ul><\/ul><\/div>\n<form action=\"\/index.php?rest_route=%2Fwp%2Fv2%2Fpages%2F798#wpcf7-f195-o1\" method=\"post\" class=\"wpcf7-form init\" aria-label=\"Kontaktformular\" novalidate=\"novalidate\" data-status=\"init\">\n<div style=\"display: none;\">\n<input type=\"hidden\" name=\"_wpcf7\" value=\"195\" \/>\n<input type=\"hidden\" name=\"_wpcf7_version\" value=\"5.9.8\" \/>\n<input type=\"hidden\" name=\"_wpcf7_locale\" value=\"de_DE\" \/>\n<input type=\"hidden\" name=\"_wpcf7_unit_tag\" value=\"wpcf7-f195-o1\" \/>\n<input type=\"hidden\" name=\"_wpcf7_container_post\" value=\"0\" \/>\n<input type=\"hidden\" name=\"_wpcf7_posted_data_hash\" value=\"\" \/>\n<\/div>\n<p><label> Ihr Name<br \/>\n<span class=\"wpcf7-form-control-wrap\" data-name=\"your-name\"><input size=\"40\" maxlength=\"400\" class=\"wpcf7-form-control wpcf7-text wpcf7-validates-as-required\" aria-required=\"true\" aria-invalid=\"false\" value=\"\" type=\"text\" name=\"your-name\" \/><\/span> <\/label>\n<\/p>\n<p><label> Ihre E-Mail-Adresse<br \/>\n<span class=\"wpcf7-form-control-wrap\" data-name=\"your-email\"><input size=\"40\" maxlength=\"400\" class=\"wpcf7-form-control wpcf7-email wpcf7-validates-as-required wpcf7-text wpcf7-validates-as-email\" aria-required=\"true\" aria-invalid=\"false\" value=\"\" type=\"email\" name=\"your-email\" \/><\/span> <\/label>\n<\/p>\n<p><label> Betreff<br \/>\n<span class=\"wpcf7-form-control-wrap\" data-name=\"your-subject\"><input size=\"40\" maxlength=\"400\" class=\"wpcf7-form-control wpcf7-text wpcf7-validates-as-required\" aria-required=\"true\" aria-invalid=\"false\" value=\"\" type=\"text\" name=\"your-subject\" \/><\/span> <\/label>\n<\/p>\n<p><label> Ihre Nachricht (optional)<br \/>\n<span class=\"wpcf7-form-control-wrap\" data-name=\"your-message\"><textarea cols=\"40\" rows=\"10\" maxlength=\"2000\" class=\"wpcf7-form-control wpcf7-textarea\" aria-invalid=\"false\" name=\"your-message\"><\/textarea><\/span> <\/label>\n<\/p>\n<p><input class=\"wpcf7-form-control wpcf7-submit has-spinner\" type=\"submit\" value=\"Senden\" \/>\n<\/p><p style=\"display: none !important;\" class=\"akismet-fields-container\" data-prefix=\"_wpcf7_ak_\"><label>&#916;<textarea name=\"_wpcf7_ak_hp_textarea\" cols=\"45\" rows=\"8\" maxlength=\"100\"><\/textarea><\/label><input type=\"hidden\" id=\"ak_js_1\" name=\"_wpcf7_ak_js\" value=\"51\"\/><script type=\"text\/javascript\">\n\/* <![CDATA[ *\/\ndocument.getElementById( \"ak_js_1\" ).setAttribute( \"value\", ( new Date() ).getTime() );\n\/* ]]> *\/\n<\/script>\n<\/p><div class=\"wpcf7-response-output\" aria-hidden=\"true\"><\/div>\n<\/form>\n<\/div>\n<\/div>\n","protected":false},"excerpt":{"rendered":"<p>Unsere Kr\u00e4uter besitzen Arzneibuchqualit\u00e4t Bei Heilkr\u00e4utern aus der Apotheke k\u00f6nnen Sie sicher sein, dass sowohl die Qualit\u00e4t als auch die Beratung stimmt. Anders als im Lebensmittelhandel entsprechen unsere Heilpflanzen Arzneibuchqualit\u00e4t. Das hei\u00dft sie sind hinsichtlich Wirkstoffmenge, Identit\u00e4t und Reinheit gepr\u00fcft. Deshalb enth\u00e4lt ein Pfefferminztee aus der &hellip; <\/p>\n<p><a href=\"https:\/\/www.schutzengelapotheke.wien\/?page_id=798\" class=\"more-link\"><span class=\"morelink-icon\">Weiterlesen<\/span><\/a><\/p>\n","protected":false},"author":2,"featured_media":0,"parent":0,"menu_order":0,"comment_status":"closed","ping_status":"closed","template":"","meta":{"footnotes":""},"class_list":["post-798","page","type-page","status-publish","hentry"],"yoast_head":"<!-- This site is optimized with the Yoast SEO plugin v23.5 - https:\/\/yoast.com\/wordpress\/plugins\/seo\/ -->\n<title>Heilpflanzen - Schutzengel Apotheke<\/title>\n<meta name=\"robots\" content=\"index, follow, max-snippet:-1, max-image-preview:large, max-video-preview:-1\" \/>\n<link rel=\"canonical\" href=\"https:\/\/www.schutzengelapotheke.wien\/?page_id=798\" \/>\n<meta property=\"og:locale\" content=\"de_DE\" \/>\n<meta property=\"og:type\" content=\"article\" \/>\n<meta property=\"og:title\" content=\"Heilpflanzen - Schutzengel Apotheke\" \/>\n<meta property=\"og:description\" content=\"Unsere Kr\u00e4uter besitzen Arzneibuchqualit\u00e4t Bei Heilkr\u00e4utern aus der Apotheke k\u00f6nnen Sie sicher sein, dass sowohl die Qualit\u00e4t als auch die Beratung stimmt. Anders als im Lebensmittelhandel entsprechen unsere Heilpflanzen Arzneibuchqualit\u00e4t. Das hei\u00dft sie sind hinsichtlich Wirkstoffmenge, Identit\u00e4t und Reinheit gepr\u00fcft. Deshalb enth\u00e4lt ein Pfefferminztee aus der &hellip; Weiterlesen\" \/>\n<meta property=\"og:url\" content=\"https:\/\/www.schutzengelapotheke.wien\/?page_id=798\" \/>\n<meta property=\"og:site_name\" content=\"Schutzengel Apotheke\" \/>\n<meta property=\"article:modified_time\" content=\"2025-03-04T10:32:51+00:00\" \/>\n<meta property=\"og:image\" content=\"https:\/\/www.schutzengelapotheke.wien\/wp-content\/uploads\/2021\/05\/Apotheke-3205-1024x683.jpg\" \/>\n<meta name=\"twitter:card\" content=\"summary_large_image\" \/>\n<meta name=\"twitter:label1\" content=\"Gesch\u00e4tzte Lesezeit\" \/>\n\t<meta name=\"twitter:data1\" content=\"2\u00a0Minuten\" \/>\n<script type=\"application\/ld+json\" class=\"yoast-schema-graph\">{\"@context\":\"https:\/\/schema.org\",\"@graph\":[{\"@type\":\"WebPage\",\"@id\":\"https:\/\/www.schutzengelapotheke.wien\/?page_id=798\",\"url\":\"https:\/\/www.schutzengelapotheke.wien\/?page_id=798\",\"name\":\"Heilpflanzen - Schutzengel Apotheke\",\"isPartOf\":{\"@id\":\"https:\/\/www.schutzengelapotheke.wien\/#website\"},\"primaryImageOfPage\":{\"@id\":\"https:\/\/www.schutzengelapotheke.wien\/?page_id=798#primaryimage\"},\"image\":{\"@id\":\"https:\/\/www.schutzengelapotheke.wien\/?page_id=798#primaryimage\"},\"thumbnailUrl\":\"https:\/\/www.schutzengelapotheke.wien\/wp-content\/uploads\/2021\/05\/Apotheke-3205-1024x683.jpg\",\"datePublished\":\"2023-11-30T13:03:47+00:00\",\"dateModified\":\"2025-03-04T10:32:51+00:00\",\"breadcrumb\":{\"@id\":\"https:\/\/www.schutzengelapotheke.wien\/?page_id=798#breadcrumb\"},\"inLanguage\":\"de\",\"potentialAction\":[{\"@type\":\"ReadAction\",\"target\":[\"https:\/\/www.schutzengelapotheke.wien\/?page_id=798\"]}]},{\"@type\":\"ImageObject\",\"inLanguage\":\"de\",\"@id\":\"https:\/\/www.schutzengelapotheke.wien\/?page_id=798#primaryimage\",\"url\":\"https:\/\/www.schutzengelapotheke.wien\/wp-content\/uploads\/2021\/05\/Apotheke-3205-scaled-e1622141809974.jpg\",\"contentUrl\":\"https:\/\/www.schutzengelapotheke.wien\/wp-content\/uploads\/2021\/05\/Apotheke-3205-scaled-e1622141809974.jpg\",\"width\":380,\"height\":253},{\"@type\":\"BreadcrumbList\",\"@id\":\"https:\/\/www.schutzengelapotheke.wien\/?page_id=798#breadcrumb\",\"itemListElement\":[{\"@type\":\"ListItem\",\"position\":1,\"name\":\"Startseite\",\"item\":\"https:\/\/www.schutzengelapotheke.wien\/\"},{\"@type\":\"ListItem\",\"position\":2,\"name\":\"Heilpflanzen\"}]},{\"@type\":\"WebSite\",\"@id\":\"https:\/\/www.schutzengelapotheke.wien\/#website\",\"url\":\"https:\/\/www.schutzengelapotheke.wien\/\",\"name\":\"Schutzengel Apotheke\",\"description\":\"U1 Taubstummengasse\",\"potentialAction\":[{\"@type\":\"SearchAction\",\"target\":{\"@type\":\"EntryPoint\",\"urlTemplate\":\"https:\/\/www.schutzengelapotheke.wien\/?s={search_term_string}\"},\"query-input\":{\"@type\":\"PropertyValueSpecification\",\"valueRequired\":true,\"valueName\":\"search_term_string\"}}],\"inLanguage\":\"de\"}]}<\/script>\n<!-- \/ Yoast SEO plugin. -->","yoast_head_json":{"title":"Heilpflanzen - Schutzengel Apotheke","robots":{"index":"index","follow":"follow","max-snippet":"max-snippet:-1","max-image-preview":"max-image-preview:large","max-video-preview":"max-video-preview:-1"},"canonical":"https:\/\/www.schutzengelapotheke.wien\/?page_id=798","og_locale":"de_DE","og_type":"article","og_title":"Heilpflanzen - Schutzengel Apotheke","og_description":"Unsere Kr\u00e4uter besitzen Arzneibuchqualit\u00e4t Bei Heilkr\u00e4utern aus der Apotheke k\u00f6nnen Sie sicher sein, dass sowohl die Qualit\u00e4t als auch die Beratung stimmt. Anders als im Lebensmittelhandel entsprechen unsere Heilpflanzen Arzneibuchqualit\u00e4t. Das hei\u00dft sie sind hinsichtlich Wirkstoffmenge, Identit\u00e4t und Reinheit gepr\u00fcft. Deshalb enth\u00e4lt ein Pfefferminztee aus der &hellip; Weiterlesen","og_url":"https:\/\/www.schutzengelapotheke.wien\/?page_id=798","og_site_name":"Schutzengel Apotheke","article_modified_time":"2025-03-04T10:32:51+00:00","og_image":[{"url":"https:\/\/www.schutzengelapotheke.wien\/wp-content\/uploads\/2021\/05\/Apotheke-3205-1024x683.jpg"}],"twitter_card":"summary_large_image","twitter_misc":{"Gesch\u00e4tzte Lesezeit":"2\u00a0Minuten"},"schema":{"@context":"https:\/\/schema.org","@graph":[{"@type":"WebPage","@id":"https:\/\/www.schutzengelapotheke.wien\/?page_id=798","url":"https:\/\/www.schutzengelapotheke.wien\/?page_id=798","name":"Heilpflanzen - Schutzengel Apotheke","isPartOf":{"@id":"https:\/\/www.schutzengelapotheke.wien\/#website"},"primaryImageOfPage":{"@id":"https:\/\/www.schutzengelapotheke.wien\/?page_id=798#primaryimage"},"image":{"@id":"https:\/\/www.schutzengelapotheke.wien\/?page_id=798#primaryimage"},"thumbnailUrl":"https:\/\/www.schutzengelapotheke.wien\/wp-content\/uploads\/2021\/05\/Apotheke-3205-1024x683.jpg","datePublished":"2023-11-30T13:03:47+00:00","dateModified":"2025-03-04T10:32:51+00:00","breadcrumb":{"@id":"https:\/\/www.schutzengelapotheke.wien\/?page_id=798#breadcrumb"},"inLanguage":"de","potentialAction":[{"@type":"ReadAction","target":["https:\/\/www.schutzengelapotheke.wien\/?page_id=798"]}]},{"@type":"ImageObject","inLanguage":"de","@id":"https:\/\/www.schutzengelapotheke.wien\/?page_id=798#primaryimage","url":"https:\/\/www.schutzengelapotheke.wien\/wp-content\/uploads\/2021\/05\/Apotheke-3205-scaled-e1622141809974.jpg","contentUrl":"https:\/\/www.schutzengelapotheke.wien\/wp-content\/uploads\/2021\/05\/Apotheke-3205-scaled-e1622141809974.jpg","width":380,"height":253},{"@type":"BreadcrumbList","@id":"https:\/\/www.schutzengelapotheke.wien\/?page_id=798#breadcrumb","itemListElement":[{"@type":"ListItem","position":1,"name":"Startseite","item":"https:\/\/www.schutzengelapotheke.wien\/"},{"@type":"ListItem","position":2,"name":"Heilpflanzen"}]},{"@type":"WebSite","@id":"https:\/\/www.schutzengelapotheke.wien\/#website","url":"https:\/\/www.schutzengelapotheke.wien\/","name":"Schutzengel Apotheke","description":"U1 Taubstummengasse","potentialAction":[{"@type":"SearchAction","target":{"@type":"EntryPoint","urlTemplate":"https:\/\/www.schutzengelapotheke.wien\/?s={search_term_string}"},"query-input":{"@type":"PropertyValueSpecification","valueRequired":true,"valueName":"search_term_string"}}],"inLanguage":"de"}]}},"jetpack_sharing_enabled":true,"_links":{"self":[{"href":"https:\/\/www.schutzengelapotheke.wien\/index.php?rest_route=\/wp\/v2\/pages\/798"}],"collection":[{"href":"https:\/\/www.schutzengelapotheke.wien\/index.php?rest_route=\/wp\/v2\/pages"}],"about":[{"href":"https:\/\/www.schutzengelapotheke.wien\/index.php?rest_route=\/wp\/v2\/types\/page"}],"author":[{"embeddable":true,"href":"https:\/\/www.schutzengelapotheke.wien\/index.php?rest_route=\/wp\/v2\/users\/2"}],"replies":[{"embeddable":true,"href":"https:\/\/www.schutzengelapotheke.wien\/index.php?rest_route=%2Fwp%2Fv2%2Fcomments&post=798"}],"version-history":[{"count":3,"href":"https:\/\/www.schutzengelapotheke.wien\/index.php?rest_route=\/wp\/v2\/pages\/798\/revisions"}],"predecessor-version":[{"id":905,"href":"https:\/\/www.schutzengelapotheke.wien\/index.php?rest_route=\/wp\/v2\/pages\/798\/revisions\/905"}],"wp:attachment":[{"href":"https:\/\/www.schutzengelapotheke.wien\/index.php?rest_route=%2Fwp%2Fv2%2Fmedia&parent=798"}],"curies":[{"name":"wp","href":"https:\/\/api.w.org\/{rel}","templated":true}]}}