{"id":838,"date":"2025-01-02T16:30:13","date_gmt":"2025-01-02T16:30:13","guid":{"rendered":"https:\/\/www.schutzengelapotheke.wien\/?page_id=838"},"modified":"2025-01-02T16:30:15","modified_gmt":"2025-01-02T16:30:15","slug":"unsere-leistungen-fuer-ihre-gesundheit","status":"publish","type":"page","link":"https:\/\/www.schutzengelapotheke.wien\/?page_id=838","title":{"rendered":"Unsere Leistungen f\u00fcr Ihre Gesundheit"},"content":{"rendered":"\n<p>In der Schutzengel Apotheke stehen Ihre Gesundheit und Ihr Wohlbefinden an erster Stelle. Wir bieten Ihnen eine Vielzahl an Dienstleistungen, um Ihre medizinische Versorgung so unkompliziert und umfassend wie m\u00f6glich zu gestalten:<\/p>\n\n\n\n<ul class=\"wp-block-list\">\n<li><strong>Versorgung mit Medikamenten:<\/strong> Wir stellen sicher, dass Sie schnell die ben\u00f6tigten Medikamente erhalten. Nicht vorr\u00e4tige Arzneimittel werden in der Regel mehrmals t\u00e4glich \u00fcber den Gro\u00dfhandel nachgeliefert.<\/li>\n\n\n\n<li><strong>Medikationsmanagement:<\/strong> Unser Team unterst\u00fctzt Sie bei der sicheren und effektiven Einnahme Ihrer Medikamente und \u00fcberpr\u00fcft auf Wunsch m\u00f6gliche Wechselwirkungen.<\/li>\n\n\n\n<li><strong>Herstellung individueller Rezepturen:<\/strong> Wir fertigen ma\u00dfgeschneiderte Rezepturen f\u00fcr Ihre spezifischen Bed\u00fcrfnisse an.<\/li>\n\n\n\n<li><strong>Individuelle Teemischungen und Tinkturen:<\/strong> Lassen Sie sich von uns Ihre pers\u00f6nliche Kr\u00e4utermischung oder Tinktur zusammenstellen.<\/li>\n\n\n\n<li><strong>Phytotherapeutische Beratung:<\/strong> Profitieren Sie von unserer Expertise in pflanzlicher Medizin.<\/li>\n\n\n\n<li><strong>Nachtragung von Impfungen:<\/strong> Wir tragen Ihre Impfungen in den elektronischen Impfpass ein und helfen Ihnen, den \u00dcberblick zu behalten.<\/li>\n\n\n\n<li><strong>Reiseapotheke-Beratung:<\/strong> Gut vorbereitet in den Urlaub \u2013 wir beraten Sie individuell f\u00fcr Ihre Reise.<\/li>\n\n\n\n<li><strong>\u00dcberpr\u00fcfung von Erste-Hilfe-K\u00e4sten:<\/strong> Ihre Sicherheit ist uns wichtig. Wir \u00fcberpr\u00fcfen Ihren Erste-Hilfe-Kasten auf Vollst\u00e4ndigkeit und Aktualit\u00e4t.<\/li>\n\n\n\n<li><strong>Entsorgung abgelaufener Medikamente:<\/strong> Bringen Sie uns abgelaufene Arzneimittel \u2013 wir entsorgen diese fachgerecht.<\/li>\n\n\n\n<li><strong>Zustellung von Medikamenten:<\/strong> Im Notfall bringen wir \u00fcber einen externen Partner die ben\u00f6tigten Medikamente direkt zu Ihnen nach Hause.<\/li>\n<\/ul>\n\n\n\n<p><strong>Ihre Gesundheit in besten H\u00e4nden<\/strong><br>Unser Team steht Ihnen mit Fachwissen, Sorgfalt und Herzlichkeit zur Seite. Kommen Sie vorbei \u2013 wir sind f\u00fcr Sie da!<\/p>\n","protected":false},"excerpt":{"rendered":"<p>In der Schutzengel Apotheke stehen Ihre Gesundheit und Ihr Wohlbefinden an erster Stelle. Wir bieten Ihnen eine Vielzahl an Dienstleistungen, um Ihre medizinische Versorgung so unkompliziert und umfassend wie m\u00f6glich zu gestalten: Ihre Gesundheit in besten H\u00e4ndenUnser Team steht Ihnen mit Fachwissen, Sorgfalt und Herzlichkeit zur &hellip; <\/p>\n<p><a href=\"https:\/\/www.schutzengelapotheke.wien\/?page_id=838\" class=\"more-link\"><span class=\"morelink-icon\">Weiterlesen<\/span><\/a><\/p>\n","protected":false},"author":2,"featured_media":0,"parent":0,"menu_order":0,"comment_status":"closed","ping_status":"closed","template":"","meta":{"footnotes":""},"class_list":["post-838","page","type-page","status-publish","hentry"],"yoast_head":"<!-- This site is optimized with the Yoast SEO plugin v23.5 - https:\/\/yoast.com\/wordpress\/plugins\/seo\/ -->\n<title>Unsere Leistungen f\u00fcr Ihre Gesundheit - Schutzengel Apotheke<\/title>\n<meta name=\"description\" content=\"Wir bieten umfassende Gesundheitsleistungen: Medikamentenversorgung, phytotherapeutische Beratung, individuelle Rezepturen und vieles mehr.\" \/>\n<meta name=\"robots\" content=\"index, follow, max-snippet:-1, max-image-preview:large, max-video-preview:-1\" \/>\n<link rel=\"canonical\" href=\"https:\/\/www.schutzengelapotheke.wien\/?page_id=838\" \/>\n<meta property=\"og:locale\" content=\"de_DE\" \/>\n<meta property=\"og:type\" content=\"article\" \/>\n<meta property=\"og:title\" content=\"Unsere Leistungen f\u00fcr Ihre Gesundheit - Schutzengel Apotheke\" \/>\n<meta property=\"og:description\" content=\"Wir bieten umfassende Gesundheitsleistungen: Medikamentenversorgung, phytotherapeutische Beratung, individuelle Rezepturen und vieles mehr.\" \/>\n<meta property=\"og:url\" content=\"https:\/\/www.schutzengelapotheke.wien\/?page_id=838\" \/>\n<meta property=\"og:site_name\" content=\"Schutzengel Apotheke\" \/>\n<meta property=\"article:modified_time\" content=\"2025-01-02T16:30:15+00:00\" \/>\n<meta name=\"twitter:card\" content=\"summary_large_image\" \/>\n<meta name=\"twitter:label1\" content=\"Gesch\u00e4tzte Lesezeit\" \/>\n\t<meta name=\"twitter:data1\" content=\"2\u00a0Minuten\" \/>\n<script type=\"application\/ld+json\" class=\"yoast-schema-graph\">{\"@context\":\"https:\/\/schema.org\",\"@graph\":[{\"@type\":\"WebPage\",\"@id\":\"https:\/\/www.schutzengelapotheke.wien\/?page_id=838\",\"url\":\"https:\/\/www.schutzengelapotheke.wien\/?page_id=838\",\"name\":\"Unsere Leistungen f\u00fcr Ihre Gesundheit - Schutzengel Apotheke\",\"isPartOf\":{\"@id\":\"https:\/\/www.schutzengelapotheke.wien\/#website\"},\"datePublished\":\"2025-01-02T16:30:13+00:00\",\"dateModified\":\"2025-01-02T16:30:15+00:00\",\"description\":\"Wir bieten umfassende Gesundheitsleistungen: Medikamentenversorgung, phytotherapeutische Beratung, individuelle Rezepturen und vieles mehr.\",\"breadcrumb\":{\"@id\":\"https:\/\/www.schutzengelapotheke.wien\/?page_id=838#breadcrumb\"},\"inLanguage\":\"de\",\"potentialAction\":[{\"@type\":\"ReadAction\",\"target\":[\"https:\/\/www.schutzengelapotheke.wien\/?page_id=838\"]}]},{\"@type\":\"BreadcrumbList\",\"@id\":\"https:\/\/www.schutzengelapotheke.wien\/?page_id=838#breadcrumb\",\"itemListElement\":[{\"@type\":\"ListItem\",\"position\":1,\"name\":\"Startseite\",\"item\":\"https:\/\/www.schutzengelapotheke.wien\/\"},{\"@type\":\"ListItem\",\"position\":2,\"name\":\"Unsere Leistungen f\u00fcr Ihre Gesundheit\"}]},{\"@type\":\"WebSite\",\"@id\":\"https:\/\/www.schutzengelapotheke.wien\/#website\",\"url\":\"https:\/\/www.schutzengelapotheke.wien\/\",\"name\":\"Schutzengel Apotheke\",\"description\":\"U1 Taubstummengasse\",\"potentialAction\":[{\"@type\":\"SearchAction\",\"target\":{\"@type\":\"EntryPoint\",\"urlTemplate\":\"https:\/\/www.schutzengelapotheke.wien\/?s={search_term_string}\"},\"query-input\":{\"@type\":\"PropertyValueSpecification\",\"valueRequired\":true,\"valueName\":\"search_term_string\"}}],\"inLanguage\":\"de\"}]}<\/script>\n<!-- \/ Yoast SEO plugin. -->","yoast_head_json":{"title":"Unsere Leistungen f\u00fcr Ihre Gesundheit - Schutzengel Apotheke","description":"Wir bieten umfassende Gesundheitsleistungen: Medikamentenversorgung, phytotherapeutische Beratung, individuelle Rezepturen und vieles mehr.","robots":{"index":"index","follow":"follow","max-snippet":"max-snippet:-1","max-image-preview":"max-image-preview:large","max-video-preview":"max-video-preview:-1"},"canonical":"https:\/\/www.schutzengelapotheke.wien\/?page_id=838","og_locale":"de_DE","og_type":"article","og_title":"Unsere Leistungen f\u00fcr Ihre Gesundheit - Schutzengel Apotheke","og_description":"Wir bieten umfassende Gesundheitsleistungen: Medikamentenversorgung, phytotherapeutische Beratung, individuelle Rezepturen und vieles mehr.","og_url":"https:\/\/www.schutzengelapotheke.wien\/?page_id=838","og_site_name":"Schutzengel Apotheke","article_modified_time":"2025-01-02T16:30:15+00:00","twitter_card":"summary_large_image","twitter_misc":{"Gesch\u00e4tzte Lesezeit":"2\u00a0Minuten"},"schema":{"@context":"https:\/\/schema.org","@graph":[{"@type":"WebPage","@id":"https:\/\/www.schutzengelapotheke.wien\/?page_id=838","url":"https:\/\/www.schutzengelapotheke.wien\/?page_id=838","name":"Unsere Leistungen f\u00fcr Ihre Gesundheit - Schutzengel Apotheke","isPartOf":{"@id":"https:\/\/www.schutzengelapotheke.wien\/#website"},"datePublished":"2025-01-02T16:30:13+00:00","dateModified":"2025-01-02T16:30:15+00:00","description":"Wir bieten umfassende Gesundheitsleistungen: Medikamentenversorgung, phytotherapeutische Beratung, individuelle Rezepturen und vieles mehr.","breadcrumb":{"@id":"https:\/\/www.schutzengelapotheke.wien\/?page_id=838#breadcrumb"},"inLanguage":"de","potentialAction":[{"@type":"ReadAction","target":["https:\/\/www.schutzengelapotheke.wien\/?page_id=838"]}]},{"@type":"BreadcrumbList","@id":"https:\/\/www.schutzengelapotheke.wien\/?page_id=838#breadcrumb","itemListElement":[{"@type":"ListItem","position":1,"name":"Startseite","item":"https:\/\/www.schutzengelapotheke.wien\/"},{"@type":"ListItem","position":2,"name":"Unsere Leistungen f\u00fcr Ihre Gesundheit"}]},{"@type":"WebSite","@id":"https:\/\/www.schutzengelapotheke.wien\/#website","url":"https:\/\/www.schutzengelapotheke.wien\/","name":"Schutzengel Apotheke","description":"U1 Taubstummengasse","potentialAction":[{"@type":"SearchAction","target":{"@type":"EntryPoint","urlTemplate":"https:\/\/www.schutzengelapotheke.wien\/?s={search_term_string}"},"query-input":{"@type":"PropertyValueSpecification","valueRequired":true,"valueName":"search_term_string"}}],"inLanguage":"de"}]}},"jetpack_sharing_enabled":true,"_links":{"self":[{"href":"https:\/\/www.schutzengelapotheke.wien\/index.php?rest_route=\/wp\/v2\/pages\/838"}],"collection":[{"href":"https:\/\/www.schutzengelapotheke.wien\/index.php?rest_route=\/wp\/v2\/pages"}],"about":[{"href":"https:\/\/www.schutzengelapotheke.wien\/index.php?rest_route=\/wp\/v2\/types\/page"}],"author":[{"embeddable":true,"href":"https:\/\/www.schutzengelapotheke.wien\/index.php?rest_route=\/wp\/v2\/users\/2"}],"replies":[{"embeddable":true,"href":"https:\/\/www.schutzengelapotheke.wien\/index.php?rest_route=%2Fwp%2Fv2%2Fcomments&post=838"}],"version-history":[{"count":1,"href":"https:\/\/www.schutzengelapotheke.wien\/index.php?rest_route=\/wp\/v2\/pages\/838\/revisions"}],"predecessor-version":[{"id":839,"href":"https:\/\/www.schutzengelapotheke.wien\/index.php?rest_route=\/wp\/v2\/pages\/838\/revisions\/839"}],"wp:attachment":[{"href":"https:\/\/www.schutzengelapotheke.wien\/index.php?rest_route=%2Fwp%2Fv2%2Fmedia&parent=838"}],"curies":[{"name":"wp","href":"https:\/\/api.w.org\/{rel}","templated":true}]}}